{"id":346,"date":"2018-06-07T16:41:39","date_gmt":"2018-06-07T16:41:39","guid":{"rendered":"https:\/\/www.bitebip.com\/shop\/?page_id=346"},"modified":"2018-07-21T10:19:34","modified_gmt":"2018-07-21T10:19:34","slug":"spedizioni","status":"publish","type":"page","link":"https:\/\/www.bitebip.com\/shop\/spedizioni\/","title":{"rendered":"Spedizioni"},"content":{"rendered":"\n  <div class=\"banner has-hover\" id=\"banner-583371359\">\n          <div class=\"banner-inner fill\">\n        <div class=\"banner-bg fill\" >\n            <div class=\"bg fill bg-fill \"><\/div>\n                                    \n                    <\/div><!-- bg-layers -->\n        <div class=\"banner-layers container\">\n            <div class=\"fill banner-link\"><\/div>            \n   <div id=\"text-box-1056132876\" class=\"text-box banner-layer x50 md-x50 lg-x50 y50 md-y50 lg-y50 res-text\">\n                                <div class=\"text dark\">\n              \n              <div class=\"text-inner text-center\">\n                  \n<div class=\"gap-element\" style=\"display:block; height:auto; padding-top:10px\" class=\"clearfix\"><\/div>\n<h6><span style=\"font-size: 100%;\"><strong>Prima di tutto, scarica e leggi le<\/strong><\/span><\/h2>\n<h2><span style=\"font-size: 85%;\"><strong>Condizioni di vendita<\/strong><\/span><\/h2>\n<div class=\"gap-element\" style=\"display:block; height:auto; padding-top:10px\" class=\"clearfix\"><\/div>\n<a rel=\"noopener noreferrer\" href=\"https:\/\/www.bitebip.com\/shop\/wp-content\/uploads\/2018\/07\/Condizioni-di-vendita.pdf\" target=\"_blank\" class=\"button white is-outline\"  style=\"border-radius:10px;\">\n    <span>DOWNLOAD<\/span>\n  <\/a>\n\n              <\/div>\n           <\/div><!-- text-box-inner -->\n                            \n<style scope=\"scope\">\n\n#text-box-1056132876 {\n  width: 60%;\n}\n#text-box-1056132876 .text {\n  font-size: 100%;\n}\n<\/style>\n    <\/div><!-- text-box -->\n \n        <\/div><!-- .banner-layers -->\n      <\/div><!-- .banner-inner -->\n\n            \n<style scope=\"scope\">\n\n#banner-583371359 {\n  padding-top: 200px;\n  background-color: rgb(206, 84, 0);\n}\n\n\n@media (min-width:550px) {\n\n  #banner-583371359 {\n    padding-top: 300px;\n  }\n\n}\n<\/style>\n  <\/div><!-- .banner -->\n\n\n<div class=\"gap-element\" style=\"display:block; height:auto; padding-top:37px\" class=\"clearfix\"><\/div>\n\n\t\t<div class=\"tabbed-content\">\n\t\t\t<h4 class=\"uppercase text-left\">Spedizioni e consegne<\/h4>\n\t\t\t<ul class=\"nav nav-line nav-uppercase nav-size-normal nav-left\"><li class=\"tab active has-icon\"><a href=\"#tab_premessa\"><span>Premessa<\/span><\/a><\/li>\n<li class=\"tab has-icon\"><a href=\"#tab_privati-e-aziende\"><span>Privati e Aziende<\/span><\/a><\/li>\n<li class=\"tab has-icon\"><a href=\"#tab_rivenditori\"><span>Rivenditori<\/span><\/a><\/li><\/ul><div class=\"tab-panels\"><div class=\"panel active entry-content\" id=\"tab_premessa\">\n<p>Le spedizioni avvengono tramite corriere convenzionato con il negozio <strong>Bit e Bip<\/strong> di Colle di Val d\u0092Elsa (SI). Viene fatta diversit\u00e0 tra spese di spedizione e spese di assicurazione.<\/p>\n<p>Se il cliente non fornisce un recapito telefonico adeguato dove il corriere possa contattarlo per fissare la consegna, verranno addebitati eventuali costi sostenuti dalla Bit e Bip per il fermo deposito e\/o altro.\u00a0<\/p>\n<\/div>\n<div class=\"panel entry-content\" id=\"tab_privati-e-aziende\">\n<h3>Pagamento con carta di credito<\/h3>\n<p>Le spese di trasporto possono variare a seconda della tipologia di acquisto. La spesa minima per le spedizioni \u00e8 di \u20ac 8,50 (otto euro e cinquanta centesimi) IVA esclusa.<\/p>\n<p>Tutte le spedizioni in partenza saranno assicurate con una spesa di \u20ac 7,00 (sette euro) per un importo massimo di \u20ac 1000,00 (euro mille). Per un importo superiore sar\u00e0 applicata una maggiorazione percentuale del 0,80 % del valore. Per esempio: per un ordine di \u20ac 1200,00, la spesa assicurativa sara di \u20ac 8,60 (euro otto e sessanta centesimi).<\/p>\n<p>Tale assicurazione \u00e8 doverosa contro eventuali danni che potranno pervenire durante il trasporto. Quindi e opportuno effettuare il controllo accurato nei dettagli dei colli nella loro quantit\u00e0, loro integrit\u00e0 al momento della firma dell&#8217;avvenuta consegna da parte del corriere incaricato. Qualora non fosse fatto tale controllo, la ditta\u00a0<b>Bit e Bip<\/b>\u00a0non sar\u00e0 pi\u00f9 responsabile di danni, anche occulti, a partire dal momento della consegna.<\/p>\n<hr \/>\n<h3>Pagamento con contrassegno<\/h3>\n<p>Le spese di trasporto possono variare a seconda della tipologia di acquisto. La spesa minima per le spedizioni \u00e8 di \u20ac 8,50 (otto euro e cinquanta centesimi) IVA esclusa.<\/p>\n<p>Tutte le spedizioni in partenza saranno assicurate con una spesa di \u20ac 7,00 (sette euro) per un importo massimo di \u20ac 1000,00 (euro mille). Per un importo superiore sar\u00e0 applicata una maggiorazione percentuale del 0,80 % del valore. Per esempio: per un ordine di \u20ac 1200,00, la spesa assicurativa sara di \u20ac 8,60 (euro otto e sessanta centesimi).<\/p>\n<p>Tale assicurazione \u00e8 doverosa contro eventuali danni che potranno pervenire durante il trasporto. Quindi e opportuno effettuare il controllo accurato nei dettagli dei colli nella loro quantit\u00e0, loro integrit\u00e0 al momento della firma dell&#8217;avvenuta consegna da parte del corriere incaricato. Qualora non fosse fatto tale controllo, la ditta\u00a0<b>Bit e Bip<\/b>\u00a0non sar\u00e0 pi\u00f9 responsabile di danni, anche occulti, a partire dal momento della consegna.<\/p>\n<p>A tali imponibili sopra indicati sar\u00e0 applicata <strong>una maggiorazione<\/strong> di \u20ac 5,00 (euro cinque) per importi pari o superiori da \u20ac 25,00 (euro venticinque) a \u20ac 500,00 (euro cinquecento). Per una cifra superiore, sar\u00e0 applicata una maggiorazione pari al 1% della spesa.<\/p>\n<\/div>\n<div class=\"panel entry-content\" id=\"tab_rivenditori\">\n<h3>Pagamento con Bonifico Bancario Anticipato<\/h3>\n<p>Per acquisti fino a \u20ac 1000 (euro mille) IVA esclusa, le spese di trasporto ammontano a \u20ac 14 (euro quattordici) IVA esclusa. Passata tale soglia, sara applicata una maggiorazione del 2% del totale IVA esclusa.<\/p>\n<p>Per alcune tipologie di acquisto, vedi case, stampanti e altro materiale molto ingombrante, le spese saranno calcolate in base al loro peso o volume.<\/p>\n<p>Tutte le spedizioni in partenza saranno assicurate con una spesa di \u20ac 7,00 (sette euro) per un importo massimo di \u20ac 1000,00(euro mille). Superato tale importo, sar\u00e0 applicata una maggiorazione percentuale del 0,80 % del valore. Per esempio: ordine di \u20ac 1200,00 la spesa assicurativa sara di \u20ac 8,60(euro otto e sessanta centesimi), tale assicurazione \u00e8 doverosa contro eventuali danni che potranno pervenire durante il trasporto. Quindi \u00e8 opportuno effettuare il controllo accurato nei dettagli dei colli nella loro quantit\u00e0, loro integrit\u00e0 al momento della firma dell&#8217;avvenuta consegna da parte del corriere incaricato. Qualora non fosse fatto tale controllo, la ditta\u00a0<b>Bit e Bip<\/b>\u00a0non sar\u00e0 pi\u00f9 responsabile di danni, anche occulti, al momento della consegna.<\/p>\n<\/div><\/div><\/div>\n","protected":false},"excerpt":{"rendered":"","protected":false},"author":2,"featured_media":0,"parent":0,"menu_order":0,"comment_status":"closed","ping_status":"closed","template":"","meta":{"footnotes":""},"class_list":["post-346","page","type-page","status-publish","hentry"],"_links":{"self":[{"href":"https:\/\/www.bitebip.com\/shop\/wp-json\/wp\/v2\/pages\/346","targetHints":{"allow":["GET"]}}],"collection":[{"href":"https:\/\/www.bitebip.com\/shop\/wp-json\/wp\/v2\/pages"}],"about":[{"href":"https:\/\/www.bitebip.com\/shop\/wp-json\/wp\/v2\/types\/page"}],"author":[{"embeddable":true,"href":"https:\/\/www.bitebip.com\/shop\/wp-json\/wp\/v2\/users\/2"}],"replies":[{"embeddable":true,"href":"https:\/\/www.bitebip.com\/shop\/wp-json\/wp\/v2\/comments?post=346"}],"version-history":[{"count":0,"href":"https:\/\/www.bitebip.com\/shop\/wp-json\/wp\/v2\/pages\/346\/revisions"}],"wp:attachment":[{"href":"https:\/\/www.bitebip.com\/shop\/wp-json\/wp\/v2\/media?parent=346"}],"curies":[{"name":"wp","href":"https:\/\/api.w.org\/{rel}","templated":true}]}}